{"id":7,"date":"2025-09-07T20:59:55","date_gmt":"2025-09-08T01:59:55","guid":{"rendered":"https:\/\/www.alimenta.com.co\/?page_id=7"},"modified":"2025-09-12T00:43:18","modified_gmt":"2025-09-12T05:43:18","slug":"home","status":"publish","type":"page","link":"https:\/\/www.alimenta.com.co\/","title":{"rendered":"Home"},"content":{"rendered":"\n<div class=\"wp-block-group is-layout-constrained wp-block-group-is-layout-constrained\">\n<div class=\"wp-block-cover alignfull is-light has-custom-content-position is-position-center-left hero-section wp-duotone-unset-1\" style=\"min-height:600px;aspect-ratio:unset;\"><span aria-hidden=\"true\" class=\"wp-block-cover__background has-ast-global-color-5-background-color has-background-dim\"><\/span><div class=\"wp-block-cover__inner-container is-layout-constrained wp-container-core-cover-is-layout-7d509248 wp-block-cover-is-layout-constrained\">\n<h1 class=\"wp-block-heading has-text-align-left has-ast-global-color-2-color has-text-color has-link-color wp-elements-1f21c2aa3237b762f530199c27d4988a\" style=\"padding-top:0;padding-right:0;padding-bottom:0;padding-left:0;font-style:normal;font-weight:900\">Soluciones para la industria de alimentos<\/h1>\n\n\n\n<h3 class=\"wp-block-heading has-ast-global-color-2-color has-text-color has-link-color wp-elements-742b2ddb1058e5f26698b9c4bf6c1afe\" style=\"padding-top:0;padding-right:0;padding-bottom:0;padding-left:0;font-style:normal;font-weight:900\">Tu aliado integral<\/h3>\n<\/div><\/div>\n<\/div>\n\n\n\n<div class=\"wp-block-group alignwide has-ast-global-color-5-background-color has-background is-layout-constrained wp-container-core-group-is-layout-94d206d0 wp-block-group-is-layout-constrained\" id=\"about\" style=\"padding-top:143px;padding-bottom:144px\">\n<div class=\"wp-block-media-text alignwide is-stacked-on-mobile is-vertically-aligned-center\" style=\"grid-template-columns:48% auto\"><figure class=\"wp-block-media-text__media\"><img loading=\"lazy\" decoding=\"async\" width=\"707\" height=\"467\" src=\"https:\/\/www.alimenta.com.co\/wp-content\/uploads\/2025\/09\/ACERCA.png\" alt=\"\" class=\"wp-image-36 size-full\" srcset=\"https:\/\/www.alimenta.com.co\/wp-content\/uploads\/2025\/09\/ACERCA.png 707w, https:\/\/www.alimenta.com.co\/wp-content\/uploads\/2025\/09\/ACERCA-300x198.png 300w\" sizes=\"auto, (max-width: 707px) 100vw, 707px\" \/><\/figure><div class=\"wp-block-media-text__content\">\n<div class=\"inherit-container-width wp-block-group is-layout-constrained wp-container-core-group-is-layout-47ce07ec wp-block-group-is-layout-constrained\" style=\"padding-right:80px\">\n<h2 class=\"wp-block-heading alignfull has-text-align-left\" style=\"padding-right:40px\">Acerca de Alimenta<\/h2>\n\n\n\n<p class=\"has-text-align-left\">Alimenta S.A.S. es una empresa fundada en Barranquilla por un grupo de Ingenieros con m\u00e1s de 15 a\u00f1os de experiencia en el sector. Nos dedicamos a ayudar a plantas de alimento, hoteles y restaurantes en Colombia a cumplir con la normativa sanitaria y operativa, ofreciendo soluciones integrales que combinan experiencia e innovaci\u00f3n para garantizar calidad, seguridad y eficiencia.<\/p>\n\n\n\n<p class=\"has-text-align-left\">Aspiramos a ser el aliado estrat\u00e9gico de confianza en la Regi\u00f3n Caribe y pronto en todo el pa\u00eds, construyendo relaciones basadas en compromiso y excelencia. \u00a1Perm\u00edtenos ayudarte a destacar en el sector alimentario!<\/p>\n<\/div>\n<\/div><\/div>\n<\/div>\n\n\n\n<div class=\"wp-block-group alignfull check-list has-ast-global-color-6-background-color has-background is-layout-constrained wp-container-core-group-is-layout-3fee123f wp-block-group-is-layout-constrained\" id=\"plan-services\" style=\"padding-top:144px;padding-bottom:144px\">\n<h2 class=\"wp-block-heading has-text-align-center\">Nuestros planes<\/h2>\n\n\n\n<div class=\"wp-block-columns is-layout-flex wp-container-core-columns-is-layout-29aadeec wp-block-columns-is-layout-flex\" style=\"margin-top:60px\">\n<div class=\"wp-block-column is-layout-flow wp-container-core-column-is-layout-6b73ce23 wp-block-column-is-layout-flow\">\n<h3 class=\"wp-block-heading\" style=\"margin-top:16px\"><strong>Obt\u00e9n la mejor propuesta ajustada al estado de tu negocio y a sus necesidades, para potenciar sus fortalezas y ayudarte mientras haces lo que m\u00e1s te gusta.<\/strong><\/h3>\n<\/div>\n\n\n\n<div class=\"wp-block-column check-list has-text-color has-link-color wp-elements-810c15675e4eb1fc114146f98026d990 is-layout-flow wp-container-core-column-is-layout-6b73ce23 wp-block-column-is-layout-flow\" style=\"color:#423f3f\">\n<h3 class=\"wp-block-heading has-text-align-center\" style=\"margin-top:16px\">Plan Base<\/h3>\n\n\n\n<hr class=\"wp-block-separator has-alpha-channel-opacity\"\/>\n\n\n\n<ul class=\"wp-block-list\">\n<li>Diagn\u00f3stico inicial.<\/li>\n\n\n\n<li>Creaci\u00f3n del Plan de Saneamiento B\u00e1sico.<\/li>\n\n\n\n<li>Fortalecimiento del personal a cargo de la administraci\u00f3n del sistema.<\/li>\n\n\n\n<li>Capacitaci\u00f3n continua del personal.<\/li>\n\n\n\n<li>Auditor\u00edas internas y acompa\u00f1amiento semanal.<\/li>\n\n\n\n<li>Tr\u00e1mite ante autoridad sanitaria para inscripci\u00f3n de establecimiento y obtenci\u00f3n del concepto sanitario.<\/li>\n<\/ul>\n<\/div>\n\n\n\n<div class=\"wp-block-column check-list has-text-color has-link-color wp-elements-fa528ddfb103cd99f58bc929671d17d3 is-layout-flow wp-container-core-column-is-layout-6b73ce23 wp-block-column-is-layout-flow\" style=\"color:#423f3f\">\n<h3 class=\"wp-block-heading has-text-align-center\" style=\"margin-top:16px\">Plan Avanza<\/h3>\n\n\n\n<hr class=\"wp-block-separator has-alpha-channel-opacity\"\/>\n\n\n\n<ul class=\"wp-block-list\">\n<li>Diagn\u00f3stico inicial.<\/li>\n\n\n\n<li>Revisi\u00f3n y actualizaci\u00f3n del sistema documentado.<\/li>\n\n\n\n<li>Capacitaci\u00f3n continua del personal.<\/li>\n\n\n\n<li>Auditor\u00edas internas.<\/li>\n\n\n\n<li>Auditor\u00edas externas a proveedores.<\/li>\n\n\n\n<li>Planes de mejora.<\/li>\n\n\n\n<li>Creaci\u00f3n de programas prerrequisitos.<\/li>\n<\/ul>\n<\/div>\n<\/div>\n<\/div>\n\n\n\n<div class=\"wp-block-group alignfull has-ast-global-color-0-background-color has-background is-layout-constrained wp-block-group-is-layout-constrained\" id=\"services\" style=\"padding-top:144px;padding-bottom:0px\">\n<h2 class=\"wp-block-heading has-text-align-center\">Servicios adicionales<\/h2>\n\n\n\n<div class=\"wp-block-columns is-layout-flex wp-container-core-columns-is-layout-60cbf9bb wp-block-columns-is-layout-flex\" style=\"margin-top:50px\">\n<div class=\"wp-block-column is-layout-flow wp-container-core-column-is-layout-6b73ce23 wp-block-column-is-layout-flow\">\n<figure class=\"wp-block-image size-full is-resized\"><img loading=\"lazy\" decoding=\"async\" width=\"506\" height=\"391\" src=\"https:\/\/www.alimenta.com.co\/wp-content\/uploads\/2025\/09\/capacitacion.png\" alt=\"\" class=\"wp-image-57\" style=\"width:371px;height:auto\" srcset=\"https:\/\/www.alimenta.com.co\/wp-content\/uploads\/2025\/09\/capacitacion.png 506w, https:\/\/www.alimenta.com.co\/wp-content\/uploads\/2025\/09\/capacitacion-300x232.png 300w\" sizes=\"auto, (max-width: 506px) 100vw, 506px\" \/><\/figure>\n\n\n\n<h3 class=\"wp-block-heading has-text-align-center\" style=\"margin-top:16px\"><strong>Capacitaci\u00f3n y certificaci\u00f3n en BPM<\/strong><\/h3>\n\n\n\n<p class=\"has-text-align-center\">Formaci\u00f3n en buenas pr\u00e1cticas de manipulaci\u00f3n de alimentos. Ofrecemos cursos en modalidad presencial y virtual.<\/p>\n<\/div>\n\n\n\n<div class=\"wp-block-column is-layout-flow wp-container-core-column-is-layout-6b73ce23 wp-block-column-is-layout-flow\">\n<figure class=\"wp-block-image size-full\"><img loading=\"lazy\" decoding=\"async\" width=\"512\" height=\"383\" src=\"https:\/\/www.alimenta.com.co\/wp-content\/uploads\/2025\/09\/certificacion.png\" alt=\"\" class=\"wp-image-58\" srcset=\"https:\/\/www.alimenta.com.co\/wp-content\/uploads\/2025\/09\/certificacion.png 512w, https:\/\/www.alimenta.com.co\/wp-content\/uploads\/2025\/09\/certificacion-300x224.png 300w\" sizes=\"auto, (max-width: 512px) 100vw, 512px\" \/><\/figure>\n\n\n\n<h3 class=\"wp-block-heading has-text-align-center\" style=\"margin-top:16px\"><strong>Certificaci\u00f3n m\u00e9dica de aptitud para manipuladores<\/strong><\/h3>\n\n\n\n<p class=\"has-text-align-center\">Incluye: KOH u\u00f1as, frotis far\u00edngeo, coprol\u00f3gico + valoraci\u00f3n con concepto m\u00e9dico.<\/p>\n<\/div>\n\n\n\n<div class=\"wp-block-column is-layout-flow wp-container-core-column-is-layout-6b73ce23 wp-block-column-is-layout-flow\">\n<figure class=\"wp-block-image size-full\"><img loading=\"lazy\" decoding=\"async\" width=\"508\" height=\"380\" src=\"https:\/\/www.alimenta.com.co\/wp-content\/uploads\/2025\/09\/control.png\" alt=\"\" class=\"wp-image-59\" srcset=\"https:\/\/www.alimenta.com.co\/wp-content\/uploads\/2025\/09\/control.png 508w, https:\/\/www.alimenta.com.co\/wp-content\/uploads\/2025\/09\/control-300x224.png 300w\" sizes=\"auto, (max-width: 508px) 100vw, 508px\" \/><\/figure>\n\n\n\n<h3 class=\"wp-block-heading has-text-align-center\" style=\"margin-top:16px\"><strong>Control de Plagas<\/strong><\/h3>\n\n\n\n<p class=\"has-text-align-center\">Servicio especializado e integral de control de plagas, dise\u00f1ado a la medida de tu establecimiento.<\/p>\n<\/div>\n<\/div>\n\n\n\n<div class=\"wp-block-columns is-layout-flex wp-container-core-columns-is-layout-60cbf9bb wp-block-columns-is-layout-flex\" style=\"margin-top:50px\">\n<div class=\"wp-block-column is-layout-flow wp-container-core-column-is-layout-6b73ce23 wp-block-column-is-layout-flow\">\n<figure class=\"wp-block-image size-full is-resized\"><img loading=\"lazy\" decoding=\"async\" width=\"958\" height=\"757\" src=\"https:\/\/www.alimenta.com.co\/wp-content\/uploads\/2025\/09\/suministros.png\" alt=\"\" class=\"wp-image-39\" style=\"width:371px;height:auto\" srcset=\"https:\/\/www.alimenta.com.co\/wp-content\/uploads\/2025\/09\/suministros.png 958w, https:\/\/www.alimenta.com.co\/wp-content\/uploads\/2025\/09\/suministros-300x237.png 300w, https:\/\/www.alimenta.com.co\/wp-content\/uploads\/2025\/09\/suministros-768x607.png 768w\" sizes=\"auto, (max-width: 958px) 100vw, 958px\" \/><\/figure>\n\n\n\n<h3 class=\"wp-block-heading has-text-align-center\" style=\"margin-top:16px\"><strong>Suministro de insumos de aseo<\/strong><\/h3>\n\n\n\n<p class=\"has-text-align-center\">Nuestra l\u00ednea de productos de limpieza y desinfecci\u00f3n se ajustan a las necesidades de las empresas de alimento, garantizando ahorro, eficiencia y cuidado de tus equipos.<\/p>\n<\/div>\n\n\n\n<div class=\"wp-block-column is-layout-flow wp-container-core-column-is-layout-6b73ce23 wp-block-column-is-layout-flow\">\n<figure class=\"wp-block-image size-full is-resized\"><img loading=\"lazy\" decoding=\"async\" width=\"1017\" height=\"788\" src=\"https:\/\/www.alimenta.com.co\/wp-content\/uploads\/2025\/09\/invima.png\" alt=\"\" class=\"wp-image-40\" style=\"width:374px;height:auto\" srcset=\"https:\/\/www.alimenta.com.co\/wp-content\/uploads\/2025\/09\/invima.png 1017w, https:\/\/www.alimenta.com.co\/wp-content\/uploads\/2025\/09\/invima-300x232.png 300w, https:\/\/www.alimenta.com.co\/wp-content\/uploads\/2025\/09\/invima-768x595.png 768w\" sizes=\"auto, (max-width: 1017px) 100vw, 1017px\" \/><\/figure>\n\n\n\n<h3 class=\"wp-block-heading has-text-align-center\" style=\"margin-top:16px\"><strong>Tr\u00e1mites especializados<\/strong><\/h3>\n\n\n\n<p class=\"has-text-align-center\">Gesti\u00f3n de registros sanitarios, notificaciones o permisos ante INVIMA, cambios o modificaciones ante autoridad sanitaria,<\/p>\n<\/div>\n\n\n\n<div class=\"wp-block-column is-layout-flow wp-container-core-column-is-layout-6b73ce23 wp-block-column-is-layout-flow\">\n<figure class=\"wp-block-image size-full\"><img loading=\"lazy\" decoding=\"async\" width=\"1022\" height=\"765\" src=\"https:\/\/www.alimenta.com.co\/wp-content\/uploads\/2025\/09\/asesorias.png\" alt=\"\" class=\"wp-image-41\" srcset=\"https:\/\/www.alimenta.com.co\/wp-content\/uploads\/2025\/09\/asesorias.png 1022w, https:\/\/www.alimenta.com.co\/wp-content\/uploads\/2025\/09\/asesorias-300x225.png 300w, https:\/\/www.alimenta.com.co\/wp-content\/uploads\/2025\/09\/asesorias-768x575.png 768w\" sizes=\"auto, (max-width: 1022px) 100vw, 1022px\" \/><\/figure>\n\n\n\n<h3 class=\"wp-block-heading has-text-align-center\" style=\"margin-top:16px\"><strong>Asesor\u00eda especializada<\/strong><\/h3>\n\n\n\n<p class=\"has-text-align-center\">Dise\u00f1o t\u00e9cnico de etiquetas, creaci\u00f3n de tablas nutricionales, normativa actual para etiquetado, dise\u00f1o y distribuci\u00f3n de espacios, Sistema de Gesti\u00f3n de Seguridad y Salud para el Trabajo (SG-SST).<\/p>\n<\/div>\n<\/div>\n<\/div>\n\n\n\n<div class=\"wp-block-group alignwide has-ast-global-color-0-background-color has-background is-layout-constrained wp-block-group-is-layout-constrained\" id=\"contactus\">\n<div class=\"wp-block-columns alignwide is-not-stacked-on-mobile is-layout-flex wp-container-core-columns-is-layout-28f84493 wp-block-columns-is-layout-flex\">\n<div class=\"wp-block-column is-layout-flow wp-block-column-is-layout-flow\">\n<figure class=\"wp-block-gallery has-nested-images columns-default is-cropped wp-block-gallery-2 is-layout-flex wp-block-gallery-is-layout-flex\">\n<figure class=\"wp-block-image size-full\"><img loading=\"lazy\" decoding=\"async\" width=\"587\" height=\"347\" data-id=\"64\" src=\"https:\/\/www.alimenta.com.co\/wp-content\/uploads\/2025\/09\/1.png\" alt=\"\" class=\"wp-image-64\" srcset=\"https:\/\/www.alimenta.com.co\/wp-content\/uploads\/2025\/09\/1.png 587w, https:\/\/www.alimenta.com.co\/wp-content\/uploads\/2025\/09\/1-300x177.png 300w\" sizes=\"auto, (max-width: 587px) 100vw, 587px\" \/><\/figure>\n<\/figure>\n<\/div>\n\n\n\n<div class=\"wp-block-column is-layout-flow wp-block-column-is-layout-flow\">\n<figure class=\"wp-block-gallery has-nested-images columns-default is-cropped wp-block-gallery-3 is-layout-flex wp-block-gallery-is-layout-flex\">\n<figure class=\"wp-block-image size-full\"><img loading=\"lazy\" decoding=\"async\" width=\"590\" height=\"347\" data-id=\"65\" src=\"https:\/\/www.alimenta.com.co\/wp-content\/uploads\/2025\/09\/2.png\" alt=\"\" class=\"wp-image-65\" srcset=\"https:\/\/www.alimenta.com.co\/wp-content\/uploads\/2025\/09\/2.png 590w, https:\/\/www.alimenta.com.co\/wp-content\/uploads\/2025\/09\/2-300x176.png 300w\" sizes=\"auto, (max-width: 590px) 100vw, 590px\" \/><\/figure>\n<\/figure>\n<\/div>\n\n\n\n<div class=\"wp-block-column is-layout-flow wp-block-column-is-layout-flow\">\n<figure class=\"wp-block-gallery has-nested-images columns-default is-cropped wp-block-gallery-4 is-layout-flex wp-block-gallery-is-layout-flex\">\n<figure class=\"wp-block-image size-full\"><img loading=\"lazy\" decoding=\"async\" width=\"588\" height=\"352\" data-id=\"66\" src=\"https:\/\/www.alimenta.com.co\/wp-content\/uploads\/2025\/09\/3.png\" alt=\"\" class=\"wp-image-66\" srcset=\"https:\/\/www.alimenta.com.co\/wp-content\/uploads\/2025\/09\/3.png 588w, https:\/\/www.alimenta.com.co\/wp-content\/uploads\/2025\/09\/3-300x180.png 300w\" sizes=\"auto, (max-width: 588px) 100vw, 588px\" \/><\/figure>\n<\/figure>\n<\/div>\n<\/div>\n<\/div>\n\n\n\n<div class=\"wp-block-group alignwide has-ast-global-color-6-background-color has-background is-layout-constrained wp-block-group-is-layout-constrained\">\n<div class=\"wp-block-columns alignwide are-vertically-aligned-top is-layout-flex wp-container-core-columns-is-layout-28f84493 wp-block-columns-is-layout-flex\">\n<div class=\"wp-block-column is-vertically-aligned-top is-layout-flow wp-block-column-is-layout-flow\">\n<h2 class=\"wp-block-heading\">Cont\u00e1ctanos<\/h2>\n\n\n\n<h3 class=\"wp-block-heading\"><strong>Direcci\u00f3n<\/strong><\/h3>\n\n\n\n<p>Cl 68 B 50-94 Ofic. 4<\/p>\n\n\n\n<h3 class=\"wp-block-heading\"><strong>Correo Electr\u00f3nico<\/strong><\/h3>\n\n\n\n<p>info@alimenta.com.co<\/p>\n\n\n\n<h3 class=\"wp-block-heading\"><strong>Celular<\/strong><\/h3>\n\n\n\n<p>+57 324 2092933<\/p>\n<\/div>\n\n\n\n<div class=\"wp-block-column is-vertically-aligned-top is-layout-flow wp-block-column-is-layout-flow\"><style id=\"wpforms-css-vars-84-block-42cf76f0-2614-4abe-85cb-15e6eb3b792a\">\n\t\t\t\t#wpforms-84.wpforms-block-42cf76f0-2614-4abe-85cb-15e6eb3b792a {\n\t\t\t\t--wpforms-label-color: rgba(0, 0, 0, 0.85);\n--wpforms-label-sublabel-color: rgba(0, 0, 0, 0.55);\n--wpforms-field-border-color: rgba(0, 0, 0, 0.25);\n--wpforms-field-border-color-spare: rgba(0, 0, 0, 0.25);\n--wpforms-field-text-color: rgba(0, 0, 0, 0.7);\n--wpforms-button-background-color: #000000;\n--wpforms-field-size-input-height: 43px;\n--wpforms-field-size-input-spacing: 15px;\n--wpforms-field-size-font-size: 16px;\n--wpforms-field-size-line-height: 19px;\n--wpforms-field-size-padding-h: 14px;\n--wpforms-field-size-checkbox-size: 16px;\n--wpforms-field-size-sublabel-spacing: 5px;\n--wpforms-field-size-icon-size: 1;\n--wpforms-label-size-font-size: 16px;\n--wpforms-label-size-line-height: 19px;\n--wpforms-label-size-sublabel-font-size: 14px;\n--wpforms-label-size-sublabel-line-height: 17px;\n--wpforms-button-size-font-size: 17px;\n--wpforms-button-size-height: 41px;\n--wpforms-button-size-padding-h: 15px;\n--wpforms-button-size-margin-top: 10px;\n\n\t\t\t}\n\t\t\t<\/style><div class=\"wpforms-container wpforms-container-full wpforms-block wpforms-block-42cf76f0-2614-4abe-85cb-15e6eb3b792a wpforms-render-modern\" id=\"wpforms-84\"><form id=\"wpforms-form-84\" class=\"wpforms-validate wpforms-form wpforms-ajax-form\" data-formid=\"84\" method=\"post\" enctype=\"multipart\/form-data\" action=\"\/index.php?rest_route=%2Fwp%2Fv2%2Fpages%2F7\" data-token=\"82438654de03fc4bbaabad2f5267a9c0\" data-token-time=\"1777966604\"><noscript class=\"wpforms-error-noscript\">Por favor, activa JavaScript en tu navegador para completar este formulario.<\/noscript><div id=\"wpforms-error-noscript\" style=\"display: none;\">Por favor, activa JavaScript en tu navegador para completar este formulario.<\/div><div class=\"wpforms-field-container\"><div id=\"wpforms-84-field_1-container\" class=\"wpforms-field wpforms-field-name\" data-field-id=\"1\"><label class=\"wpforms-field-label\" for=\"wpforms-84-field_1\">Nombre <span class=\"wpforms-required-label\" aria-hidden=\"true\">*<\/span><\/label><input type=\"text\" id=\"wpforms-84-field_1\" class=\"wpforms-field-medium wpforms-field-required\" name=\"wpforms[fields][1]\" aria-errormessage=\"wpforms-84-field_1-error\" required><\/div>\t\t<div id=\"wpforms-84-field_4-container\"\n\t\t\tclass=\"wpforms-field wpforms-field-text\"\n\t\t\tdata-field-type=\"text\"\n\t\t\tdata-field-id=\"4\"\n\t\t\t>\n\t\t\t<label class=\"wpforms-field-label\" for=\"wpforms-84-field_4\" >Correo electr\u00f3nico Nombre<\/label>\n\t\t\t<input type=\"text\" id=\"wpforms-84-field_4\" class=\"wpforms-field-medium\" name=\"wpforms[fields][4]\" >\n\t\t<\/div>\n\t\t<div id=\"wpforms-84-field_2-container\" class=\"wpforms-field wpforms-field-email\" data-field-id=\"2\"><label class=\"wpforms-field-label\" for=\"wpforms-84-field_2\">Correo electr\u00f3nico <span class=\"wpforms-required-label\" aria-hidden=\"true\">*<\/span><\/label><input type=\"email\" id=\"wpforms-84-field_2\" class=\"wpforms-field-medium wpforms-field-required\" name=\"wpforms[fields][2]\" spellcheck=\"false\" aria-errormessage=\"wpforms-84-field_2-error\" required><\/div><div id=\"wpforms-84-field_3-container\" class=\"wpforms-field wpforms-field-textarea\" data-field-id=\"3\"><label class=\"wpforms-field-label\" for=\"wpforms-84-field_3\">Mensaje <span class=\"wpforms-required-label\" aria-hidden=\"true\">*<\/span><\/label><textarea id=\"wpforms-84-field_3\" class=\"wpforms-field-medium wpforms-field-required\" name=\"wpforms[fields][3]\" aria-errormessage=\"wpforms-84-field_3-error\" required><\/textarea><\/div><script>\n\t\t\t\t( function() {\n\t\t\t\t\tconst style = document.createElement( 'style' );\n\t\t\t\t\tstyle.appendChild( document.createTextNode( '#wpforms-84-field_4-container { position: absolute !important; overflow: hidden !important; display: inline !important; height: 1px !important; width: 1px !important; z-index: -1000 !important; padding: 0 !important; } #wpforms-84-field_4-container input { visibility: hidden; } #wpforms-conversational-form-page #wpforms-84-field_4-container label { counter-increment: none; }' ) );\n\t\t\t\t\tdocument.head.appendChild( style );\n\t\t\t\t\tdocument.currentScript?.remove();\n\t\t\t\t} )();\n\t\t\t<\/script><\/div><!-- .wpforms-field-container --><div class=\"wpforms-recaptcha-container wpforms-is-recaptcha wpforms-is-recaptcha-type-invisible\" ><div class=\"g-recaptcha\" data-sitekey=\"6Lfql8IrAAAAAMnKuVYpL3NYTAFeI-u_Ikn9YGhY\" data-size=\"invisible\"><\/div><\/div><div class=\"wpforms-submit-container\" ><input type=\"hidden\" name=\"wpforms[id]\" value=\"84\"><input type=\"hidden\" name=\"page_title\" value=\"\"><input type=\"hidden\" name=\"page_url\" value=\"https:\/\/www.alimenta.com.co\/index.php?rest_route=\/wp\/v2\/pages\/7\"><input type=\"hidden\" name=\"url_referer\" value=\"\"><button type=\"submit\" name=\"wpforms[submit]\" id=\"wpforms-submit-84\" class=\"wpforms-submit\" data-alt-text=\"Enviando...\" data-submit-text=\"Enviar\" aria-live=\"assertive\" value=\"wpforms-submit\">Enviar<\/button><img loading=\"lazy\" decoding=\"async\" src=\"https:\/\/www.alimenta.com.co\/wp-content\/plugins\/wpforms-lite\/assets\/images\/submit-spin.svg\" class=\"wpforms-submit-spinner\" style=\"display: none;\" width=\"26\" height=\"26\" alt=\"Cargando\"><\/div><\/form><\/div>  <!-- .wpforms-container --><\/div>\n<\/div>\n<\/div>\n\n\n\n<p><\/p>\n","protected":false},"excerpt":{"rendered":"<p>Acerca de Alimenta Alimenta S.A.S. es una empresa fundada en Barranquilla por un grupo de Ingenieros con m\u00e1s de 15 [&hellip;]<\/p>\n","protected":false},"author":1,"featured_media":0,"parent":0,"menu_order":0,"comment_status":"closed","ping_status":"closed","template":"","meta":{"site-sidebar-layout":"no-sidebar","site-content-layout":"plain-container","ast-site-content-layout":"full-width-container","site-content-style":"default","site-sidebar-style":"default","ast-global-header-display":"","ast-banner-title-visibility":"","ast-main-header-display":"","ast-hfb-above-header-display":"","ast-hfb-below-header-display":"","ast-hfb-mobile-header-display":"","site-post-title":"disabled","ast-breadcrumbs-content":"","ast-featured-img":"","footer-sml-layout":"","theme-transparent-header-meta":"disabled","adv-header-id-meta":"","stick-header-meta":"","header-above-stick-meta":"","header-main-stick-meta":"","header-below-stick-meta":"","astra-migrate-meta-layouts":"default","ast-page-background-enabled":"default","ast-page-background-meta":{"desktop":{"background-color":"var(--ast-global-color-5)","background-image":"","background-repeat":"repeat","background-position":"center center","background-size":"auto","background-attachment":"scroll","background-type":"","background-media":"","overlay-type":"","overlay-color":"","overlay-opacity":"","overlay-gradient":""},"tablet":{"background-color":"","background-image":"","background-repeat":"repeat","background-position":"center center","background-size":"auto","background-attachment":"scroll","background-type":"","background-media":"","overlay-type":"","overlay-color":"","overlay-opacity":"","overlay-gradient":""},"mobile":{"background-color":"","background-image":"","background-repeat":"repeat","background-position":"center center","background-size":"auto","background-attachment":"scroll","background-type":"","background-media":"","overlay-type":"","overlay-color":"","overlay-opacity":"","overlay-gradient":""}},"ast-content-background-meta":{"desktop":{"background-color":"var(--ast-global-color-4)","background-image":"","background-repeat":"repeat","background-position":"center center","background-size":"auto","background-attachment":"scroll","background-type":"","background-media":"","overlay-type":"","overlay-color":"","overlay-opacity":"","overlay-gradient":""},"tablet":{"background-color":"var(--ast-global-color-4)","background-image":"","background-repeat":"repeat","background-position":"center center","background-size":"auto","background-attachment":"scroll","background-type":"","background-media":"","overlay-type":"","overlay-color":"","overlay-opacity":"","overlay-gradient":""},"mobile":{"background-color":"var(--ast-global-color-4)","background-image":"","background-repeat":"repeat","background-position":"center center","background-size":"auto","background-attachment":"scroll","background-type":"","background-media":"","overlay-type":"","overlay-color":"","overlay-opacity":"","overlay-gradient":""}},"footnotes":""},"class_list":["post-7","page","type-page","status-publish","hentry"],"_links":{"self":[{"href":"https:\/\/www.alimenta.com.co\/index.php?rest_route=\/wp\/v2\/pages\/7","targetHints":{"allow":["GET"]}}],"collection":[{"href":"https:\/\/www.alimenta.com.co\/index.php?rest_route=\/wp\/v2\/pages"}],"about":[{"href":"https:\/\/www.alimenta.com.co\/index.php?rest_route=\/wp\/v2\/types\/page"}],"author":[{"embeddable":true,"href":"https:\/\/www.alimenta.com.co\/index.php?rest_route=\/wp\/v2\/users\/1"}],"replies":[{"embeddable":true,"href":"https:\/\/www.alimenta.com.co\/index.php?rest_route=%2Fwp%2Fv2%2Fcomments&post=7"}],"version-history":[{"count":50,"href":"https:\/\/www.alimenta.com.co\/index.php?rest_route=\/wp\/v2\/pages\/7\/revisions"}],"predecessor-version":[{"id":201,"href":"https:\/\/www.alimenta.com.co\/index.php?rest_route=\/wp\/v2\/pages\/7\/revisions\/201"}],"wp:attachment":[{"href":"https:\/\/www.alimenta.com.co\/index.php?rest_route=%2Fwp%2Fv2%2Fmedia&parent=7"}],"curies":[{"name":"wp","href":"https:\/\/api.w.org\/{rel}","templated":true}]}}